{"id":2,"date":"2016-03-24T12:14:58","date_gmt":"2016-03-24T11:14:58","guid":{"rendered":"http:\/\/taxismetz.fr\/?page_id=2"},"modified":"2025-09-03T18:14:40","modified_gmt":"2025-09-03T17:14:40","slug":"accueil-taxis-de-metz","status":"publish","type":"page","link":"https:\/\/taxismetz.fr\/","title":{"rendered":"Accueil"},"content":{"rendered":"\n<div class=\"wp-block-buttons is-content-justification-center is-layout-flex wp-container-core-buttons-is-layout-a89b3969 wp-block-buttons-is-layout-flex\">\n<div class=\"wp-block-button\"><a class=\"wp-block-button__link has-text-align-center wp-element-button\" href=\"tel:+33387569192\"><strong>HEP TAXI !<\/strong><\/a><\/div>\n<\/div>\n\n\n\n<h1 class=\"wp-block-heading\">Bienvenue sur le nouveau site des Taxis de Metz !<\/h1>\n\n\n\n<p>A Metz comme ailleurs, il est parfois bien utile de recourir aux services d\u2019un taxi. La station principale des taxis de Metz se situe au sortir de la gare SNCF, place du G\u00e9n\u00e9ral de Gaulle.<\/p>\n\n\n\n<p>On peut aussi trouver des taxis de Metz gar\u00e9s sur plusieurs stations secondaires dans les diff\u00e9rents quartiers de la ville, les plus importantes \u00e9tant la place de la R\u00e9publique, la place d&rsquo;Armes, la place Coislin mais aussi \u00e0 la gare Lorraine TGV et Lorraine Airport.<\/p>\n\n\n\n<p>Toutefois, et pour limiter votre temps d&rsquo;attente, il est pr\u00e9f\u00e9rable de leur t\u00e9l\u00e9phoner pour qu\u2019ils viennent vous chercher l\u00e0 o\u00f9 vous \u00eates.<\/p>\n\n\n\n<p>Le groupement des taxis de Metz regroupe plus d\u2019une centaine d\u2019artisans taxi. Leur centrale d&rsquo;appels est ouverte 7 jours sur 7, 24 heures sur 24.<\/p>\n\n\n\n<p>Un seul num\u00e9ro permet de joindre la centrale d\u2019appel pour demander ou r\u00e9server un taxi sur toute l\u2019agglom\u00e9ration de Metz mais aussi sur l\u2019ensemble des communes avoisinantes : Moulins-l\u00e8s-Metz, Le Ban-saint-Martin, Montigny-l\u00e8s-Metz, St Julien les Metz&#8230;<\/p>\n\n\n\n<p>Les taxis de Metz sont \u00e9galement pr\u00e9sents \u00e0 la gare Lorraine TGV sise \u00e0 Louvigny ainsi qu&rsquo;\u00e0 l&rsquo;a\u00e9roport Metz-Nancy-Lorraine (MNL) appel\u00e9 aujourd&rsquo;hui Lorraine Airport et implant\u00e9 sur la commune de Goin.<\/p>\n\n\n\n<h1 class=\"wp-block-heading\"><strong>Ce num\u00e9ro unique est le <a href=\"tel:+33387569192\">03 87 56 91 92<\/a><\/strong><\/h1>\n\n\n\n<p>Le r\u00e8glement des courses en taxi se fait en esp\u00e8ces, en ch\u00e8que mais aussi en carte bancaire.<\/p>\n\n\n\n<p class=\"stylet dec15t\">Les tarifs appliqu\u00e9s sont ceux impos\u00e9s par la pr\u00e9fecture de la Moselle en date du 20 f\u00e9vrier 2025 \u00e0 savoir :<\/p>\n\n\n\n<ul class=\"wp-block-list\">\n<li>Prise en charge : 3,30\u20ac <span class=\"petit\">(\u00e9quivaut \u00e0 la somme affich\u00e9e \u00e0 l&rsquo;enclenchement du compteur)<\/span><\/li>\n\n\n\n<li>Tarif kilom\u00e9trique &#8211; AR : 1,17\u20ac <span class=\"petit\">(de jour du lundi au samedi)<\/span> \/ 1,54\u20ac <span class=\"petit\">(de\u00a0nuit et dimanche)<\/span><\/li>\n\n\n\n<li>Tarif kilom\u00e9trique &#8211; AS : 2,34\u20ac <span class=\"petit\">(de jour du lundi au samedi)<\/span> \/ 3,08\u20ac <span class=\"petit\">(de nuit et dimanche)<\/span><\/li>\n\n\n\n<li>Tarif heure d&rsquo;attente jour ou nuit : 20,22\u20ac <span class=\"petit\">(applicable lors de l&rsquo;arr\u00eat du v\u00e9hicule)<\/span><\/li>\n<\/ul>\n\n\n\n<p>Mise \u00e0 part la prise en charge de personnes, les services offerts par les artisans radio taxis de Metz sont multiples, certains sont parfois m\u00e9connus :<\/p>\n\n\n\n<ul class=\"wp-block-list\">\n<li>Courses pour les entreprises avec possibilit\u00e9 de facturation diff\u00e9r\u00e9e \u00e0 convenir (sous r\u00e9serves)<\/li>\n\n\n\n<li>Transport de plis et de colis urgents (sous r\u00e9serves)<\/li>\n\n\n\n<li>Transport de pi\u00e8ces urgentes pour l\u2019industrie (sous r\u00e9serves)<\/li>\n\n\n\n<li>Service \u00ab M\u00e9dical \u00bb toutes distances pour les transports sanitaires (valable uniquement sur prescription m\u00e9dicale) vers les h\u00f4pitaux, kin\u00e9sith\u00e9rapeutes, radiologues\u2026<\/li>\n\n\n\n<li>Service \u00ab\u00a0VIP\u00a0\u00bb pour disposer de voitures de luxe avec chauffeur<\/li>\n<\/ul>\n\n\n\n<p>Pour plus de renseignements sur les taxis de Metz, voici d\u2019autres coordonn\u00e9es :<\/p>\n\n\n\n<p>Administration : 03 87 55 41 34&nbsp;(de 09h \u00e0 12h et de 14h \u00e0 17h)<\/p>\n\n\n\n<p>Contacter les taxis par mail&nbsp;<a href=\"https:\/\/taxismetz.fr\/index.php\/contact\/\">https:\/\/taxismetz.fr\/index.php\/contact\/<\/a><\/p>\n\n\n\n<p>Coordonn\u00e9es postales : GIE TAXIS DE METZ 2 rue Lafayette 57000 METZ<\/p>\n\n\n\n<p>Article original ici : Taxi Metz <a href=\"http:\/\/tout-metz.com\/taxis-metz-057.php\">https:\/\/tout-metz.com\/taxis-metz-057.php<\/a><\/p>\n\n\n\n<figure class=\"wp-block-image aligncenter size-large\"><a href=\"https:\/\/itunes.apple.com\/fr\/app\/taxi-metz\/id893900870?mt=8\"><img decoding=\"async\" src=\"https:\/\/taxismetz.fr\/wp-content\/uploads\/2016\/03\/btn_availableontheappstore1-300x104.png\" alt=\"T\u00e9l\u00e9chargez l'application App Store des Taxis de Metz\"\/><\/a><\/figure>\n\n\n\n<figure class=\"wp-block-image aligncenter size-large\"><a href=\"https:\/\/play.google.com\/store\/apps\/details?id=com.lanoosphere.tessa.taxi_metz&amp;hl=fr\"><img decoding=\"async\" src=\"https:\/\/taxismetz.fr\/wp-content\/uploads\/2016\/03\/Disponible-sur-GooglePlay1-300x110.jpg\" alt=\"T\u00e9l\u00e9chargez l'application sur Google Play des Taxis de Metz\"\/><\/a><\/figure>\n\n\n\n<figure class=\"wp-block-image alignleft size-full is-resized\"><img loading=\"lazy\" decoding=\"async\" width=\"170\" height=\"167\" src=\"https:\/\/taxismetz.fr\/wp-content\/uploads\/2024\/10\/qrappleapp.png\" alt=\"\" class=\"wp-image-190\" style=\"width:298px;height:auto\"\/><figcaption class=\"wp-element-caption\">QRCode pour t\u00e9l\u00e9charger l&rsquo;application sur l&rsquo;AppStore<\/figcaption><\/figure>\n\n\n\n<figure class=\"wp-block-image alignright size-full is-resized\"><img loading=\"lazy\" decoding=\"async\" width=\"159\" height=\"164\" src=\"https:\/\/taxismetz.fr\/wp-content\/uploads\/2024\/10\/qrandroidapp.png\" alt=\"\" class=\"wp-image-191\" style=\"width:273px;height:auto\"\/><figcaption class=\"wp-element-caption\">QRCode pour t\u00e9l\u00e9charger l&rsquo;application sur le Play Store<\/figcaption><\/figure>\n","protected":false},"excerpt":{"rendered":"<p>Bienvenue sur le nouveau site des Taxis de Metz ! A Metz comme ailleurs, il est parfois bien utile de recourir aux services d\u2019un taxi. La station principale des taxis de Metz se situe au sortir de la gare SNCF, place du G\u00e9n\u00e9ral de Gaulle. On peut aussi trouver des taxis de Metz gar\u00e9s sur [&hellip;]<\/p>\n","protected":false},"author":1,"featured_media":25,"parent":0,"menu_order":0,"comment_status":"closed","ping_status":"open","template":"","meta":{"jetpack_post_was_ever_published":false,"footnotes":""},"class_list":["post-2","page","type-page","status-publish","has-post-thumbnail","hentry"],"yoast_head":"<!-- This site is optimized with the Yoast SEO plugin v27.1.1 - https:\/\/yoast.com\/product\/yoast-seo-wordpress\/ -->\n<title>Accueil - Taxis de Metz - 03 87 56 91 92<\/title>\n<meta name=\"description\" content=\"Site officiel des artisans taxis de Metz \u00e0 votre service et disponibles au 03 87 56 91 92. R\u00e9servez un taxi \u00e0 Metz d\u00e8s maintenant !\" \/>\n<meta name=\"robots\" content=\"index, follow, max-snippet:-1, max-image-preview:large, max-video-preview:-1\" \/>\n<link rel=\"canonical\" href=\"https:\/\/taxismetz.fr\/\" \/>\n<meta property=\"og:locale\" content=\"fr_FR\" \/>\n<meta property=\"og:type\" content=\"article\" \/>\n<meta property=\"og:title\" content=\"Accueil - Taxis de Metz - 03 87 56 91 92\" \/>\n<meta property=\"og:description\" content=\"Site officiel des artisans taxis de Metz \u00e0 votre service et disponibles au 03 87 56 91 92. R\u00e9servez un taxi \u00e0 Metz d\u00e8s maintenant !\" \/>\n<meta property=\"og:url\" content=\"https:\/\/taxismetz.fr\/\" \/>\n<meta property=\"og:site_name\" content=\"Taxis de Metz\" \/>\n<meta property=\"article:modified_time\" content=\"2025-09-03T17:14:40+00:00\" \/>\n<meta property=\"og:image\" content=\"https:\/\/taxismetz.fr\/wp-content\/uploads\/2016\/03\/DSC011865.jpg\" \/>\n\t<meta property=\"og:image:width\" content=\"1920\" \/>\n\t<meta property=\"og:image:height\" content=\"1157\" \/>\n\t<meta property=\"og:image:type\" content=\"image\/jpeg\" \/>\n<meta name=\"twitter:card\" content=\"summary_large_image\" \/>\n<meta name=\"twitter:label1\" content=\"Dur\u00e9e de lecture estim\u00e9e\" \/>\n\t<meta name=\"twitter:data1\" content=\"4 minutes\" \/>\n<script type=\"application\/ld+json\" class=\"yoast-schema-graph\">{\"@context\":\"https:\/\/schema.org\",\"@graph\":[{\"@type\":\"WebPage\",\"@id\":\"https:\/\/taxismetz.fr\/\",\"url\":\"https:\/\/taxismetz.fr\/\",\"name\":\"Accueil - Taxis de Metz - 03 87 56 91 92\",\"isPartOf\":{\"@id\":\"https:\/\/taxismetz.fr\/#website\"},\"primaryImageOfPage\":{\"@id\":\"https:\/\/taxismetz.fr\/#primaryimage\"},\"image\":{\"@id\":\"https:\/\/taxismetz.fr\/#primaryimage\"},\"thumbnailUrl\":\"https:\/\/taxismetz.fr\/wp-content\/uploads\/2016\/03\/DSC011865.jpg\",\"datePublished\":\"2016-03-24T11:14:58+00:00\",\"dateModified\":\"2025-09-03T17:14:40+00:00\",\"description\":\"Site officiel des artisans taxis de Metz \u00e0 votre service et disponibles au 03 87 56 91 92. R\u00e9servez un taxi \u00e0 Metz d\u00e8s maintenant !\",\"breadcrumb\":{\"@id\":\"https:\/\/taxismetz.fr\/#breadcrumb\"},\"inLanguage\":\"fr-FR\",\"potentialAction\":[{\"@type\":\"ReadAction\",\"target\":[\"https:\/\/taxismetz.fr\/\"]}]},{\"@type\":\"ImageObject\",\"inLanguage\":\"fr-FR\",\"@id\":\"https:\/\/taxismetz.fr\/#primaryimage\",\"url\":\"https:\/\/taxismetz.fr\/wp-content\/uploads\/2016\/03\/DSC011865.jpg\",\"contentUrl\":\"https:\/\/taxismetz.fr\/wp-content\/uploads\/2016\/03\/DSC011865.jpg\",\"width\":1920,\"height\":1157},{\"@type\":\"BreadcrumbList\",\"@id\":\"https:\/\/taxismetz.fr\/#breadcrumb\",\"itemListElement\":[{\"@type\":\"ListItem\",\"position\":1,\"name\":\"Accueil\",\"item\":\"https:\/\/taxismetz.fr\/\"},{\"@type\":\"ListItem\",\"position\":2,\"name\":\"Accueil\"}]},{\"@type\":\"WebSite\",\"@id\":\"https:\/\/taxismetz.fr\/#website\",\"url\":\"https:\/\/taxismetz.fr\/\",\"name\":\"Taxis de Metz\",\"description\":\"Les artisans taxis de Metz \u00e0 votre service au 03 87 56 91 92\",\"publisher\":{\"@id\":\"https:\/\/taxismetz.fr\/#organization\"},\"potentialAction\":[{\"@type\":\"SearchAction\",\"target\":{\"@type\":\"EntryPoint\",\"urlTemplate\":\"https:\/\/taxismetz.fr\/?s={search_term_string}\"},\"query-input\":{\"@type\":\"PropertyValueSpecification\",\"valueRequired\":true,\"valueName\":\"search_term_string\"}}],\"inLanguage\":\"fr-FR\"},{\"@type\":\"Organization\",\"@id\":\"https:\/\/taxismetz.fr\/#organization\",\"name\":\"GIE des Taxis de Metz\",\"url\":\"https:\/\/taxismetz.fr\/\",\"logo\":{\"@type\":\"ImageObject\",\"inLanguage\":\"fr-FR\",\"@id\":\"https:\/\/taxismetz.fr\/#\/schema\/logo\/image\/\",\"url\":\"https:\/\/taxismetz.fr\/wp-content\/uploads\/2016\/03\/cropped-icon175x1751.png\",\"contentUrl\":\"https:\/\/taxismetz.fr\/wp-content\/uploads\/2016\/03\/cropped-icon175x1751.png\",\"width\":512,\"height\":512,\"caption\":\"GIE des Taxis de Metz\"},\"image\":{\"@id\":\"https:\/\/taxismetz.fr\/#\/schema\/logo\/image\/\"}}]}<\/script>\n<!-- \/ Yoast SEO plugin. -->","yoast_head_json":{"title":"Accueil - Taxis de Metz - 03 87 56 91 92","description":"Site officiel des artisans taxis de Metz \u00e0 votre service et disponibles au 03 87 56 91 92. R\u00e9servez un taxi \u00e0 Metz d\u00e8s maintenant !","robots":{"index":"index","follow":"follow","max-snippet":"max-snippet:-1","max-image-preview":"max-image-preview:large","max-video-preview":"max-video-preview:-1"},"canonical":"https:\/\/taxismetz.fr\/","og_locale":"fr_FR","og_type":"article","og_title":"Accueil - Taxis de Metz - 03 87 56 91 92","og_description":"Site officiel des artisans taxis de Metz \u00e0 votre service et disponibles au 03 87 56 91 92. R\u00e9servez un taxi \u00e0 Metz d\u00e8s maintenant !","og_url":"https:\/\/taxismetz.fr\/","og_site_name":"Taxis de Metz","article_modified_time":"2025-09-03T17:14:40+00:00","og_image":[{"width":1920,"height":1157,"url":"https:\/\/taxismetz.fr\/wp-content\/uploads\/2016\/03\/DSC011865.jpg","type":"image\/jpeg"}],"twitter_card":"summary_large_image","twitter_misc":{"Dur\u00e9e de lecture estim\u00e9e":"4 minutes"},"schema":{"@context":"https:\/\/schema.org","@graph":[{"@type":"WebPage","@id":"https:\/\/taxismetz.fr\/","url":"https:\/\/taxismetz.fr\/","name":"Accueil - Taxis de Metz - 03 87 56 91 92","isPartOf":{"@id":"https:\/\/taxismetz.fr\/#website"},"primaryImageOfPage":{"@id":"https:\/\/taxismetz.fr\/#primaryimage"},"image":{"@id":"https:\/\/taxismetz.fr\/#primaryimage"},"thumbnailUrl":"https:\/\/taxismetz.fr\/wp-content\/uploads\/2016\/03\/DSC011865.jpg","datePublished":"2016-03-24T11:14:58+00:00","dateModified":"2025-09-03T17:14:40+00:00","description":"Site officiel des artisans taxis de Metz \u00e0 votre service et disponibles au 03 87 56 91 92. R\u00e9servez un taxi \u00e0 Metz d\u00e8s maintenant !","breadcrumb":{"@id":"https:\/\/taxismetz.fr\/#breadcrumb"},"inLanguage":"fr-FR","potentialAction":[{"@type":"ReadAction","target":["https:\/\/taxismetz.fr\/"]}]},{"@type":"ImageObject","inLanguage":"fr-FR","@id":"https:\/\/taxismetz.fr\/#primaryimage","url":"https:\/\/taxismetz.fr\/wp-content\/uploads\/2016\/03\/DSC011865.jpg","contentUrl":"https:\/\/taxismetz.fr\/wp-content\/uploads\/2016\/03\/DSC011865.jpg","width":1920,"height":1157},{"@type":"BreadcrumbList","@id":"https:\/\/taxismetz.fr\/#breadcrumb","itemListElement":[{"@type":"ListItem","position":1,"name":"Accueil","item":"https:\/\/taxismetz.fr\/"},{"@type":"ListItem","position":2,"name":"Accueil"}]},{"@type":"WebSite","@id":"https:\/\/taxismetz.fr\/#website","url":"https:\/\/taxismetz.fr\/","name":"Taxis de Metz","description":"Les artisans taxis de Metz \u00e0 votre service au 03 87 56 91 92","publisher":{"@id":"https:\/\/taxismetz.fr\/#organization"},"potentialAction":[{"@type":"SearchAction","target":{"@type":"EntryPoint","urlTemplate":"https:\/\/taxismetz.fr\/?s={search_term_string}"},"query-input":{"@type":"PropertyValueSpecification","valueRequired":true,"valueName":"search_term_string"}}],"inLanguage":"fr-FR"},{"@type":"Organization","@id":"https:\/\/taxismetz.fr\/#organization","name":"GIE des Taxis de Metz","url":"https:\/\/taxismetz.fr\/","logo":{"@type":"ImageObject","inLanguage":"fr-FR","@id":"https:\/\/taxismetz.fr\/#\/schema\/logo\/image\/","url":"https:\/\/taxismetz.fr\/wp-content\/uploads\/2016\/03\/cropped-icon175x1751.png","contentUrl":"https:\/\/taxismetz.fr\/wp-content\/uploads\/2016\/03\/cropped-icon175x1751.png","width":512,"height":512,"caption":"GIE des Taxis de Metz"},"image":{"@id":"https:\/\/taxismetz.fr\/#\/schema\/logo\/image\/"}}]}},"jetpack_sharing_enabled":true,"jetpack_shortlink":"https:\/\/wp.me\/P7E1jL-2","_links":{"self":[{"href":"https:\/\/taxismetz.fr\/index.php\/wp-json\/wp\/v2\/pages\/2","targetHints":{"allow":["GET"]}}],"collection":[{"href":"https:\/\/taxismetz.fr\/index.php\/wp-json\/wp\/v2\/pages"}],"about":[{"href":"https:\/\/taxismetz.fr\/index.php\/wp-json\/wp\/v2\/types\/page"}],"author":[{"embeddable":true,"href":"https:\/\/taxismetz.fr\/index.php\/wp-json\/wp\/v2\/users\/1"}],"replies":[{"embeddable":true,"href":"https:\/\/taxismetz.fr\/index.php\/wp-json\/wp\/v2\/comments?post=2"}],"version-history":[{"count":33,"href":"https:\/\/taxismetz.fr\/index.php\/wp-json\/wp\/v2\/pages\/2\/revisions"}],"predecessor-version":[{"id":233,"href":"https:\/\/taxismetz.fr\/index.php\/wp-json\/wp\/v2\/pages\/2\/revisions\/233"}],"wp:featuredmedia":[{"embeddable":true,"href":"https:\/\/taxismetz.fr\/index.php\/wp-json\/wp\/v2\/media\/25"}],"wp:attachment":[{"href":"https:\/\/taxismetz.fr\/index.php\/wp-json\/wp\/v2\/media?parent=2"}],"curies":[{"name":"wp","href":"https:\/\/api.w.org\/{rel}","templated":true}]}}