{"id":12,"date":"2016-03-24T15:03:24","date_gmt":"2016-03-24T14:03:24","guid":{"rendered":"http:\/\/taxismetz.fr\/?page_id=12"},"modified":"2021-11-07T15:33:13","modified_gmt":"2021-11-07T14:33:13","slug":"mentions-legales","status":"publish","type":"page","link":"https:\/\/taxismetz.fr\/index.php\/mentions-legales\/","title":{"rendered":"Mentions l\u00e9gales"},"content":{"rendered":"<h1>Pr\u00e9sentation du site<\/h1>\n<p>En vertu de l&rsquo;article 6 de la loi n\u00b0 2004-575 du 21 juin 2004 pour la confiance dans l&rsquo;\u00e9conomie num\u00e9rique, il est pr\u00e9cis\u00e9 aux utilisateurs du site <a title=\"GIE des Taxis de Metz - http:\/\/taxismetz.fr\/\" href=\"https:\/\/taxismetz.fr\/\/\" target=\"_blank\" rel=\"noopener noreferrer\">https:\/\/taxismetz.fr\/<\/a> l&rsquo;identit\u00e9 des diff\u00e9rents intervenants dans le cadre de sa r\u00e9alisation et de son suivi :<\/p>\n<p>Le pr\u00e9sent site est \u00e9dit\u00e9 par : GIE des Taxis de Metz, GIE ayant pour num\u00e9ro de SIRET 31807235200020 et qui est domicili\u00e9e au 2 rue Lafayette 57000 METZ<\/p>\n<p>Responsable de la publication : Cendy SARGIS, joingnable par t\u00e9l\u00e9phone au <a href=\"tel:0387554134\">0387554134<\/a>\u00a0et par email <a href=\"mailto:secretariat@taxismetz.fr\" target=\"_blank\" rel=\"noopener noreferrer\">secretariat@taxismetz.fr<\/a><\/p>\n<p>Webmaster du site: JOBARD Guillaume, joingnable par t\u00e9l\u00e9phone au <a href=\"tel:0633872383\" target=\"_blank\" rel=\"noopener noreferrer\">0633872383<\/a><\/p>\n<p>H\u00e9bergeur du site: OVH, qui est domicil\u00e9 2 rue Kellermann BP 80157 59100 Roubaix et joignable par t\u00e9l\u00e9phone au 1007<\/p>\n<h2>Propri\u00e9t\u00e9 intellectuelle et contrefa\u00e7ons<\/h2>\n<p>L\u2019entreprise Taxis de Metz est propri\u00e9taire des droits de propri\u00e9t\u00e9 intellectuelle ou d\u00e9tient les droits d\u2019usage sur tous les \u00e9l\u00e9ments accessibles sur le site, notamment : les textes, les images, les graphismes, le logo, les ic\u00f4nes,\u2026<\/p>\n<p>Toute reproduction, repr\u00e9sentation, modification, publication, adaptation de tout ou partie des \u00e9l\u00e9ments du site, quel que soit le moyen ou le proc\u00e9d\u00e9 utilis\u00e9, est interdite, sauf autorisation \u00e9crite pr\u00e9alable de l\u2019entreprise Taxis de Metz.<\/p>\n<p>Toute exploitation non autoris\u00e9e du site ou d\u2019un quelconque \u00e9l\u00e9ment qu\u2019il contient sera consid\u00e9r\u00e9e comme constitutive d\u2019une contrefa\u00e7on et poursuivie conform\u00e9ment aux dispositions des articles L.335-2 et suivants du Code de Propri\u00e9t\u00e9 Intellectuelle.<\/p>\n<p>Cr\u00e9dit photo accueil : Eric DIBLING<\/p>\n<h3><\/h3>\n<h2>Formulaire de contact<\/h2>\n<p>Vous pouvez \u00eatre amen\u00e9 \u00e0 nous indiquer votre adresse e-mail lorsque vous remplissez notre formulaire de contact sur l\u2019une des pages\u00a0du site site <a title=\"GIE des Taxis de Metz - http:\/\/taxismetz.fr\/\" href=\"http:\/\/http\/\/taxismetz.fr\/\/\" target=\"_blank\" rel=\"noopener noreferrer\">http:\/\/taxismetz.fr\/<\/a>.<\/p>\n<p>En aucun cas, votre adresse e-mail ne sera c\u00e9d\u00e9e \u00e0 des tiers.<\/p>\n<h2><\/h2>\n<h2>Liens hypertextes<\/h2>\n<p>Ce site internet contient un certain nombre de liens hypertextes vers d\u2019autres sites. Cependant, <a title=\"GIE des Taxis de Metz - http:\/\/taxismetz.fr\/\" href=\"http:\/\/http\/\/taxismetz.fr\/\/\" target=\"_blank\" rel=\"noopener noreferrer\">http:\/\/taxismetz.fr\/<\/a> n\u2019a pas la possibilit\u00e9 de suivre et v\u00e9rifier le contenu de ces sites, et n\u2019assumera en cons\u00e9quence aucune responsabilit\u00e9 de ce fait.<\/p>\n<h2><\/h2>\n<h2>Cookies<\/h2>\n<p>La navigation sur le site est susceptible de provoquer l\u2019installation de cookie(s) sur l\u2019ordinateur de l\u2019utilisateur. Un cookie est un fichier de petite taille, qui ne permet pas l\u2019identification de l\u2019utilisateur, mais qui enregistre des informations relatives \u00e0 la navigation d\u2019un ordinateur sur un site. Les donn\u00e9es ainsi obtenues visent \u00e0 faciliter la navigation ult\u00e9rieure sur le site, et ont \u00e9galement vocation \u00e0 permettre diverses mesures de fr\u00e9quentation.<br \/>\nLe refus d\u2019installation d\u2019un cookie peut entra\u00eener l\u2019impossibilit\u00e9 d\u2019acc\u00e9der \u00e0 certains services. L\u2019utilisateur peut toutefois configurer son ordinateur de la mani\u00e8re suivante, pour refuser l\u2019installation des cookies :<br \/>\nSous Internet Explorer : Onglet Outil \/ Options Internet. Cliquez sur Confidentialit\u00e9 et choisissez \u00ab\u00a0Bloquer tous les cookies\u00a0\u00bb. Validez sur OK. L&rsquo;utilisateur peut \u00e9galement refuser les cookies en cliquant sur le bouton ad\u00e9quat sur le disclaimer tout en haut de la page d&rsquo;accueil.<\/p>\n","protected":false},"excerpt":{"rendered":"<p>Pr\u00e9sentation du site En vertu de l&rsquo;article 6 de la loi n\u00b0 2004-575 du 21 juin 2004 pour la confiance dans l&rsquo;\u00e9conomie num\u00e9rique, il est pr\u00e9cis\u00e9 aux utilisateurs du site https:\/\/taxismetz.fr\/ l&rsquo;identit\u00e9 des diff\u00e9rents intervenants dans le cadre de sa r\u00e9alisation et de son suivi : Le pr\u00e9sent site est \u00e9dit\u00e9 par : GIE des [&hellip;]<\/p>\n","protected":false},"author":1,"featured_media":0,"parent":0,"menu_order":0,"comment_status":"closed","ping_status":"closed","template":"","meta":{"jetpack_post_was_ever_published":false,"footnotes":""},"class_list":["post-12","page","type-page","status-publish","hentry"],"yoast_head":"<!-- This site is optimized with the Yoast SEO plugin v27.1.1 - https:\/\/yoast.com\/product\/yoast-seo-wordpress\/ -->\n<title>Mentions l\u00e9gales - Taxis de Metz<\/title>\n<meta name=\"robots\" content=\"index, follow, max-snippet:-1, max-image-preview:large, max-video-preview:-1\" \/>\n<link rel=\"canonical\" href=\"https:\/\/taxismetz.fr\/index.php\/mentions-legales\/\" \/>\n<meta property=\"og:locale\" content=\"fr_FR\" \/>\n<meta property=\"og:type\" content=\"article\" \/>\n<meta property=\"og:title\" content=\"Mentions l\u00e9gales - Taxis de Metz\" \/>\n<meta property=\"og:description\" content=\"Pr\u00e9sentation du site En vertu de l&rsquo;article 6 de la loi n\u00b0 2004-575 du 21 juin 2004 pour la confiance dans l&rsquo;\u00e9conomie num\u00e9rique, il est pr\u00e9cis\u00e9 aux utilisateurs du site https:\/\/taxismetz.fr\/ l&rsquo;identit\u00e9 des diff\u00e9rents intervenants dans le cadre de sa r\u00e9alisation et de son suivi : Le pr\u00e9sent site est \u00e9dit\u00e9 par : GIE des [&hellip;]\" \/>\n<meta property=\"og:url\" content=\"https:\/\/taxismetz.fr\/index.php\/mentions-legales\/\" \/>\n<meta property=\"og:site_name\" content=\"Taxis de Metz\" \/>\n<meta property=\"article:modified_time\" content=\"2021-11-07T14:33:13+00:00\" \/>\n<meta name=\"twitter:card\" content=\"summary_large_image\" \/>\n<meta name=\"twitter:label1\" content=\"Dur\u00e9e de lecture estim\u00e9e\" \/>\n\t<meta name=\"twitter:data1\" content=\"2 minutes\" \/>\n<script type=\"application\/ld+json\" class=\"yoast-schema-graph\">{\"@context\":\"https:\/\/schema.org\",\"@graph\":[{\"@type\":\"WebPage\",\"@id\":\"https:\/\/taxismetz.fr\/index.php\/mentions-legales\/\",\"url\":\"https:\/\/taxismetz.fr\/index.php\/mentions-legales\/\",\"name\":\"Mentions l\u00e9gales - Taxis de Metz\",\"isPartOf\":{\"@id\":\"https:\/\/taxismetz.fr\/#website\"},\"datePublished\":\"2016-03-24T14:03:24+00:00\",\"dateModified\":\"2021-11-07T14:33:13+00:00\",\"breadcrumb\":{\"@id\":\"https:\/\/taxismetz.fr\/index.php\/mentions-legales\/#breadcrumb\"},\"inLanguage\":\"fr-FR\",\"potentialAction\":[{\"@type\":\"ReadAction\",\"target\":[\"https:\/\/taxismetz.fr\/index.php\/mentions-legales\/\"]}]},{\"@type\":\"BreadcrumbList\",\"@id\":\"https:\/\/taxismetz.fr\/index.php\/mentions-legales\/#breadcrumb\",\"itemListElement\":[{\"@type\":\"ListItem\",\"position\":1,\"name\":\"Accueil\",\"item\":\"https:\/\/taxismetz.fr\/\"},{\"@type\":\"ListItem\",\"position\":2,\"name\":\"Mentions l\u00e9gales\"}]},{\"@type\":\"WebSite\",\"@id\":\"https:\/\/taxismetz.fr\/#website\",\"url\":\"https:\/\/taxismetz.fr\/\",\"name\":\"Taxis de Metz\",\"description\":\"Les artisans taxis de Metz \u00e0 votre service au 03 87 56 91 92\",\"publisher\":{\"@id\":\"https:\/\/taxismetz.fr\/#organization\"},\"potentialAction\":[{\"@type\":\"SearchAction\",\"target\":{\"@type\":\"EntryPoint\",\"urlTemplate\":\"https:\/\/taxismetz.fr\/?s={search_term_string}\"},\"query-input\":{\"@type\":\"PropertyValueSpecification\",\"valueRequired\":true,\"valueName\":\"search_term_string\"}}],\"inLanguage\":\"fr-FR\"},{\"@type\":\"Organization\",\"@id\":\"https:\/\/taxismetz.fr\/#organization\",\"name\":\"GIE des Taxis de Metz\",\"url\":\"https:\/\/taxismetz.fr\/\",\"logo\":{\"@type\":\"ImageObject\",\"inLanguage\":\"fr-FR\",\"@id\":\"https:\/\/taxismetz.fr\/#\/schema\/logo\/image\/\",\"url\":\"https:\/\/taxismetz.fr\/wp-content\/uploads\/2016\/03\/cropped-icon175x1751.png\",\"contentUrl\":\"https:\/\/taxismetz.fr\/wp-content\/uploads\/2016\/03\/cropped-icon175x1751.png\",\"width\":512,\"height\":512,\"caption\":\"GIE des Taxis de Metz\"},\"image\":{\"@id\":\"https:\/\/taxismetz.fr\/#\/schema\/logo\/image\/\"}}]}<\/script>\n<!-- \/ Yoast SEO plugin. -->","yoast_head_json":{"title":"Mentions l\u00e9gales - Taxis de Metz","robots":{"index":"index","follow":"follow","max-snippet":"max-snippet:-1","max-image-preview":"max-image-preview:large","max-video-preview":"max-video-preview:-1"},"canonical":"https:\/\/taxismetz.fr\/index.php\/mentions-legales\/","og_locale":"fr_FR","og_type":"article","og_title":"Mentions l\u00e9gales - Taxis de Metz","og_description":"Pr\u00e9sentation du site En vertu de l&rsquo;article 6 de la loi n\u00b0 2004-575 du 21 juin 2004 pour la confiance dans l&rsquo;\u00e9conomie num\u00e9rique, il est pr\u00e9cis\u00e9 aux utilisateurs du site https:\/\/taxismetz.fr\/ l&rsquo;identit\u00e9 des diff\u00e9rents intervenants dans le cadre de sa r\u00e9alisation et de son suivi : Le pr\u00e9sent site est \u00e9dit\u00e9 par : GIE des [&hellip;]","og_url":"https:\/\/taxismetz.fr\/index.php\/mentions-legales\/","og_site_name":"Taxis de Metz","article_modified_time":"2021-11-07T14:33:13+00:00","twitter_card":"summary_large_image","twitter_misc":{"Dur\u00e9e de lecture estim\u00e9e":"2 minutes"},"schema":{"@context":"https:\/\/schema.org","@graph":[{"@type":"WebPage","@id":"https:\/\/taxismetz.fr\/index.php\/mentions-legales\/","url":"https:\/\/taxismetz.fr\/index.php\/mentions-legales\/","name":"Mentions l\u00e9gales - Taxis de Metz","isPartOf":{"@id":"https:\/\/taxismetz.fr\/#website"},"datePublished":"2016-03-24T14:03:24+00:00","dateModified":"2021-11-07T14:33:13+00:00","breadcrumb":{"@id":"https:\/\/taxismetz.fr\/index.php\/mentions-legales\/#breadcrumb"},"inLanguage":"fr-FR","potentialAction":[{"@type":"ReadAction","target":["https:\/\/taxismetz.fr\/index.php\/mentions-legales\/"]}]},{"@type":"BreadcrumbList","@id":"https:\/\/taxismetz.fr\/index.php\/mentions-legales\/#breadcrumb","itemListElement":[{"@type":"ListItem","position":1,"name":"Accueil","item":"https:\/\/taxismetz.fr\/"},{"@type":"ListItem","position":2,"name":"Mentions l\u00e9gales"}]},{"@type":"WebSite","@id":"https:\/\/taxismetz.fr\/#website","url":"https:\/\/taxismetz.fr\/","name":"Taxis de Metz","description":"Les artisans taxis de Metz \u00e0 votre service au 03 87 56 91 92","publisher":{"@id":"https:\/\/taxismetz.fr\/#organization"},"potentialAction":[{"@type":"SearchAction","target":{"@type":"EntryPoint","urlTemplate":"https:\/\/taxismetz.fr\/?s={search_term_string}"},"query-input":{"@type":"PropertyValueSpecification","valueRequired":true,"valueName":"search_term_string"}}],"inLanguage":"fr-FR"},{"@type":"Organization","@id":"https:\/\/taxismetz.fr\/#organization","name":"GIE des Taxis de Metz","url":"https:\/\/taxismetz.fr\/","logo":{"@type":"ImageObject","inLanguage":"fr-FR","@id":"https:\/\/taxismetz.fr\/#\/schema\/logo\/image\/","url":"https:\/\/taxismetz.fr\/wp-content\/uploads\/2016\/03\/cropped-icon175x1751.png","contentUrl":"https:\/\/taxismetz.fr\/wp-content\/uploads\/2016\/03\/cropped-icon175x1751.png","width":512,"height":512,"caption":"GIE des Taxis de Metz"},"image":{"@id":"https:\/\/taxismetz.fr\/#\/schema\/logo\/image\/"}}]}},"jetpack_sharing_enabled":true,"jetpack_shortlink":"https:\/\/wp.me\/P7E1jL-c","_links":{"self":[{"href":"https:\/\/taxismetz.fr\/index.php\/wp-json\/wp\/v2\/pages\/12","targetHints":{"allow":["GET"]}}],"collection":[{"href":"https:\/\/taxismetz.fr\/index.php\/wp-json\/wp\/v2\/pages"}],"about":[{"href":"https:\/\/taxismetz.fr\/index.php\/wp-json\/wp\/v2\/types\/page"}],"author":[{"embeddable":true,"href":"https:\/\/taxismetz.fr\/index.php\/wp-json\/wp\/v2\/users\/1"}],"replies":[{"embeddable":true,"href":"https:\/\/taxismetz.fr\/index.php\/wp-json\/wp\/v2\/comments?post=12"}],"version-history":[{"count":10,"href":"https:\/\/taxismetz.fr\/index.php\/wp-json\/wp\/v2\/pages\/12\/revisions"}],"predecessor-version":[{"id":150,"href":"https:\/\/taxismetz.fr\/index.php\/wp-json\/wp\/v2\/pages\/12\/revisions\/150"}],"wp:attachment":[{"href":"https:\/\/taxismetz.fr\/index.php\/wp-json\/wp\/v2\/media?parent=12"}],"curies":[{"name":"wp","href":"https:\/\/api.w.org\/{rel}","templated":true}]}}